{"id":126,"date":"2022-05-04T14:59:56","date_gmt":"2022-05-04T14:59:56","guid":{"rendered":"https:\/\/themes.pixelwars.org\/f8\/demo-01\/?page_id=126"},"modified":"2023-06-26T10:17:16","modified_gmt":"2023-06-26T08:17:16","slug":"about","status":"publish","type":"page","link":"https:\/\/sokafootball.com\/es\/about\/","title":{"rendered":"<p>Soka<\/p>"},"content":{"rendered":"<h1 class=\"wp-block-heading is-style-default\">Sobre Soka.<div class=\"wp-block-columns is-layout-flex wp-container-core-columns-is-layout-9d6595d7 wp-block-columns-is-layout-flex\">\n<div class=\"wp-block-column is-layout-flow wp-block-column-is-layout-flow\" style=\"flex-basis:50%\">\n<figure class=\"wp-block-image size-full\"><img loading=\"lazy\" decoding=\"async\" width=\"784\" height=\"876\" src=\"https:\/\/sokafootball.com\/wp-content\/uploads\/2023\/06\/soka_thebrand-1.jpg\" alt=\"\" class=\"wp-image-1812\"><\/figure>\n<\/div>\n\n\n\n<div class=\"wp-block-column has-medium-font-size is-layout-flow wp-block-column-is-layout-flow\" style=\"flex-basis:50%\">\n<p><strong>Somos futbolistas.<\/strong><br>Nuestro equipo est\u00e1 formado por futbolistas y por eso entendemos c\u00f3mo es su d\u00eda a d\u00eda, sus necesidades y hablamos su idioma.<\/p>\n\n\n\n<div style=\"height:22px\" aria-hidden=\"true\" class=\"wp-block-spacer\"><\/div>\n\n\n\n<p><strong>S\u00f3lo f\u00fatbol.<br><\/strong>Tenemos el f\u00fatbol en el centro de nuestro negocio. Todo lo que hacemos es para nutrir la cultura futbol\u00edstica, por eso estamos innovando continuamente.<br><\/p>\n\n\n\n<p><strong>Para todos los tipos de f\u00fatbol.<\/strong><br>Para nosotros no hay una \u00fanica modalidad de f\u00fatbol. Entendemos el f\u00fatbol como un ecosistema diverso e inclusivo.<br><\/p>\n\n\n\n<p><strong>Acompa\u00f1amos todo su trayecto.<\/strong><br>Queremos que los futbolistas se sientan acompa\u00f1ados en cada momento de su trayectoria, independientemente de su grado de profesionalidad.<\/p>\n<\/div>\n<\/div><\/h1>","protected":false},"excerpt":{"rendered":"<p>About Soka. We are Football players.Our team is made up of football players and that&rsquo;s why we understand their day to day life, their needs and we speak their language. Only Football.We have football at the heart of our business. Everything we do is about nurturing football culture, that&rsquo;s why we are constantly innovating. For&hellip; <p class=\"more\"> <a class=\"more-link\" href=\"https:\/\/sokafootball.com\/es\/about\/\">Read More<\/a> <\/p><\/p>","protected":false},"author":1,"featured_media":0,"parent":0,"menu_order":0,"comment_status":"closed","ping_status":"closed","template":"","meta":{"footnotes":""},"class_list":["post-126","page","type-page","status-publish","hentry"],"_links":{"self":[{"href":"https:\/\/sokafootball.com\/es\/wp-json\/wp\/v2\/pages\/126","targetHints":{"allow":["GET"]}}],"collection":[{"href":"https:\/\/sokafootball.com\/es\/wp-json\/wp\/v2\/pages"}],"about":[{"href":"https:\/\/sokafootball.com\/es\/wp-json\/wp\/v2\/types\/page"}],"author":[{"embeddable":true,"href":"https:\/\/sokafootball.com\/es\/wp-json\/wp\/v2\/users\/1"}],"replies":[{"embeddable":true,"href":"https:\/\/sokafootball.com\/es\/wp-json\/wp\/v2\/comments?post=126"}],"version-history":[{"count":88,"href":"https:\/\/sokafootball.com\/es\/wp-json\/wp\/v2\/pages\/126\/revisions"}],"predecessor-version":[{"id":1813,"href":"https:\/\/sokafootball.com\/es\/wp-json\/wp\/v2\/pages\/126\/revisions\/1813"}],"wp:attachment":[{"href":"https:\/\/sokafootball.com\/es\/wp-json\/wp\/v2\/media?parent=126"}],"curies":[{"name":"wp","href":"https:\/\/api.w.org\/{rel}","templated":true}]}}